{"id":1449,"date":"2024-01-22T05:51:16","date_gmt":"2024-01-22T05:51:16","guid":{"rendered":"https:\/\/api50.si\/piskotki\/"},"modified":"2024-02-19T05:38:51","modified_gmt":"2024-02-19T05:38:51","slug":"piskotki","status":"publish","type":"page","link":"https:\/\/api50.si\/sl\/piskotki\/","title":{"rendered":"Pi\u0161kotki"},"content":{"rendered":"<p><strong>Zadnja posodobitev: 16.2.2024<\/strong><\/p>\n<h4>1. Uvod<\/h4>\n<p>Dobrodo\u0161li na www.api50.si (&#8220;mi&#8221;, &#8220;nas&#8221; ali &#8220;na\u0161a&#8221;). Ta stran pojasnjuje, kako uporabljamo pi\u0161kotke na na\u0161i spletni strani. Z uporabo na\u0161e spletne strani se strinjate z uporabo pi\u0161kotkov, kot je opisano v tej politiki.<\/p>\n<h4>2. Kaj so pi\u0161kotki?<\/h4>\n<p>Pi\u0161kotki so majhne besedilne datoteke, ki se shranijo na va\u0161i napravi, ko obi\u0161\u010dete spletno mesto. Pogosto se uporabljajo za bolj\u0161e delovanje spletnih mest in zagotavljanje informacij lastnikom spletnih mest.<\/p>\n<h4>3. Kako uporabljamo pi\u0161kotke<\/h4>\n<p>Uporabljamo pi\u0161kotke iz naslednjih razlogov:<\/p>\n<ul>\n<li><strong>Nujni pi\u0161kotki:<\/strong> Ti pi\u0161kotki so potrebni za pravilno delovanje spletne strani. Omogo\u010dajo osnovne funkcije, kot so navigacija po straneh in dostop do varnih obmo\u010dij spletne strani.<\/li>\n<li><strong>Analiti\u010dni\/u\u010dinkovitostni pi\u0161kotki:<\/strong> Ti pi\u0161kotki nam omogo\u010dajo analizo, kako obiskovalci uporabljajo na\u0161o spletno stran. Informacije, zbrane s temi pi\u0161kotki, se uporabljajo za izbolj\u0161anje delovanja na\u0161e spletne strani.<\/li>\n<li><strong>Pi\u0161kotki funkcionalnosti:<\/strong> Ti pi\u0161kotki nam omogo\u010dajo, da si zapomnimo va\u0161e izbire na na\u0161i spletni strani (na primer jezikovne preference) in zagotovimo izbolj\u0161ane funkcije.<\/li>\n<li><strong>Ogla\u0161evalski\/ciljni pi\u0161kotki:<\/strong> Ti pi\u0161kotki se uporabljajo za prikazovanje oglasov, ki so relevantni za vas. Prav tako omejujejo \u0161tevilo prikazov oglasa in pomagajo meriti u\u010dinkovitost ogla\u0161evalskih kampanj.<\/li>\n<\/ul>\n<h4>4. Va\u0161e mo\u017enosti glede pi\u0161kotkov<\/h4>\n<p>Pi\u0161kotke lahko nadzirate in\/ali izbri\u0161ete po svoji \u017eelji.<\/p>\n<h4>5. Kako upravljati pi\u0161kotke<\/h4>\n<p>Ve\u010dina spletnih brskalnikov vam omogo\u010da nadzor nad pi\u0161kotki prek njihovih nastavitev. Ve\u010d o pi\u0161kotkih, vklju\u010dno s tem, kako videti, katere pi\u0161kotke ste nastavili, in kako jih upravljati ter izbrisati, najdete na <a href=\"https:\/\/www.allaboutcookies.org\/\" target=\"_new\" rel=\"noopener\">www.allaboutcookies.org<\/a>.<\/p>\n<h4>6. Spremembe te politike<\/h4>\n<p>Svojo politiko pi\u0161kotkov lahko ob\u010dasno posodobimo. O spremembah vas bomo obvestili z objavo nove politike na tej strani.<\/p>\n<h4>7. Kontakt<\/h4>\n<p>\u010ce imate kakr\u0161nakoli vpra\u0161anja glede na\u0161e politike pi\u0161kotkov, nas kontaktirajte na info@api50.si.<\/p>\n","protected":false},"excerpt":{"rendered":"<p>Zadnja posodobitev: 16.2.2024 1. Uvod Dobrodo\u0161li na www.api50.si (&#8220;mi&#8221;, &#8220;nas&#8221; ali &#8220;na\u0161a&#8221;). Ta stran pojasnjuje, kako uporabljamo pi\u0161kotke na na\u0161i spletni strani. Z uporabo na\u0161e spletne strani se strinjate z uporabo pi\u0161kotkov, kot je opisano v tej politiki. 2. Kaj so pi\u0161kotki? Pi\u0161kotki so majhne besedilne datoteke, ki se shranijo na va\u0161i napravi, ko obi\u0161\u010dete [&hellip;]<\/p>\n","protected":false},"author":1,"featured_media":1089,"parent":0,"menu_order":0,"comment_status":"closed","ping_status":"closed","template":"","meta":{"footnotes":""},"class_list":["post-1449","page","type-page","status-publish","has-post-thumbnail","hentry"],"yoast_head":"<!-- This site is optimized with the Yoast SEO plugin v22.4 - https:\/\/yoast.com\/wordpress\/plugins\/seo\/ -->\n<title>Pi\u0161kotki - API 5.0. d.o.o.<\/title>\n<meta name=\"description\" content=\"Pi\u0161kotki so majhne besedilne datoteke, ki se shranijo na va\u0161i napravi, ko obi\u0161\u010dete spletno mesto.\" \/>\n<meta name=\"robots\" content=\"index, follow, max-snippet:-1, max-image-preview:large, max-video-preview:-1\" \/>\n<link rel=\"canonical\" href=\"https:\/\/api50.si\/sl\/piskotki\/\" \/>\n<meta property=\"og:locale\" content=\"sl_SI\" \/>\n<meta property=\"og:type\" content=\"article\" \/>\n<meta property=\"og:title\" content=\"Pi\u0161kotki - API 5.0. d.o.o.\" \/>\n<meta property=\"og:description\" content=\"Pi\u0161kotki so majhne besedilne datoteke, ki se shranijo na va\u0161i napravi, ko obi\u0161\u010dete spletno mesto.\" \/>\n<meta property=\"og:url\" content=\"https:\/\/api50.si\/sl\/piskotki\/\" \/>\n<meta property=\"og:site_name\" content=\"API 5.0. d.o.o.\" \/>\n<meta property=\"article:modified_time\" content=\"2024-02-19T05:38:51+00:00\" \/>\n<meta property=\"og:image\" content=\"https:\/\/api50.si\/wp-content\/uploads\/2023\/11\/API5.0_logo_05_jpg.jpg\" \/>\n\t<meta property=\"og:image:width\" content=\"512\" \/>\n\t<meta property=\"og:image:height\" content=\"512\" \/>\n\t<meta property=\"og:image:type\" content=\"image\/jpeg\" \/>\n<meta name=\"twitter:card\" content=\"summary_large_image\" \/>\n<meta name=\"twitter:label1\" content=\"Est. reading time\" \/>\n\t<meta name=\"twitter:data1\" content=\"2 minuti\" \/>\n<script type=\"application\/ld+json\" class=\"yoast-schema-graph\">{\"@context\":\"https:\/\/schema.org\",\"@graph\":[{\"@type\":\"WebPage\",\"@id\":\"https:\/\/api50.si\/sl\/piskotki\/\",\"url\":\"https:\/\/api50.si\/sl\/piskotki\/\",\"name\":\"Pi\u0161kotki - API 5.0. d.o.o.\",\"isPartOf\":{\"@id\":\"https:\/\/api50.si\/#website\"},\"primaryImageOfPage\":{\"@id\":\"https:\/\/api50.si\/sl\/piskotki\/#primaryimage\"},\"image\":{\"@id\":\"https:\/\/api50.si\/sl\/piskotki\/#primaryimage\"},\"thumbnailUrl\":\"https:\/\/api50.si\/wp-content\/uploads\/2023\/11\/API5.0_logo_05_jpg.jpg\",\"datePublished\":\"2024-01-22T05:51:16+00:00\",\"dateModified\":\"2024-02-19T05:38:51+00:00\",\"description\":\"Pi\u0161kotki so majhne besedilne datoteke, ki se shranijo na va\u0161i napravi, ko obi\u0161\u010dete spletno mesto.\",\"breadcrumb\":{\"@id\":\"https:\/\/api50.si\/sl\/piskotki\/#breadcrumb\"},\"inLanguage\":\"sl-SI\",\"potentialAction\":[{\"@type\":\"ReadAction\",\"target\":[\"https:\/\/api50.si\/sl\/piskotki\/\"]}]},{\"@type\":\"ImageObject\",\"inLanguage\":\"sl-SI\",\"@id\":\"https:\/\/api50.si\/sl\/piskotki\/#primaryimage\",\"url\":\"https:\/\/api50.si\/wp-content\/uploads\/2023\/11\/API5.0_logo_05_jpg.jpg\",\"contentUrl\":\"https:\/\/api50.si\/wp-content\/uploads\/2023\/11\/API5.0_logo_05_jpg.jpg\",\"width\":512,\"height\":512,\"caption\":\"API 5.0 logo\"},{\"@type\":\"BreadcrumbList\",\"@id\":\"https:\/\/api50.si\/sl\/piskotki\/#breadcrumb\",\"itemListElement\":[{\"@type\":\"ListItem\",\"position\":1,\"name\":\"Home\",\"item\":\"https:\/\/api50.si\/\"},{\"@type\":\"ListItem\",\"position\":2,\"name\":\"Pi\u0161kotki\"}]},{\"@type\":\"WebSite\",\"@id\":\"https:\/\/api50.si\/#website\",\"url\":\"https:\/\/api50.si\/\",\"name\":\"API 5.0. d.o.o.\",\"description\":\"Alliance in Process Industry\",\"publisher\":{\"@id\":\"https:\/\/api50.si\/#organization\"},\"potentialAction\":[{\"@type\":\"SearchAction\",\"target\":{\"@type\":\"EntryPoint\",\"urlTemplate\":\"https:\/\/api50.si\/?s={search_term_string}\"},\"query-input\":\"required name=search_term_string\"}],\"inLanguage\":\"sl-SI\"},{\"@type\":\"Organization\",\"@id\":\"https:\/\/api50.si\/#organization\",\"name\":\"API 5.0. d.o.o.\",\"url\":\"https:\/\/api50.si\/\",\"logo\":{\"@type\":\"ImageObject\",\"inLanguage\":\"sl-SI\",\"@id\":\"https:\/\/api50.si\/#\/schema\/logo\/image\/\",\"url\":\"https:\/\/api50.si\/wp-content\/uploads\/2024\/02\/API5.0_logo_icon3.png\",\"contentUrl\":\"https:\/\/api50.si\/wp-content\/uploads\/2024\/02\/API5.0_logo_icon3.png\",\"width\":512,\"height\":512,\"caption\":\"API 5.0. d.o.o.\"},\"image\":{\"@id\":\"https:\/\/api50.si\/#\/schema\/logo\/image\/\"}}]}<\/script>\n<!-- \/ Yoast SEO plugin. -->","yoast_head_json":{"title":"Pi\u0161kotki - API 5.0. d.o.o.","description":"Pi\u0161kotki so majhne besedilne datoteke, ki se shranijo na va\u0161i napravi, ko obi\u0161\u010dete spletno mesto.","robots":{"index":"index","follow":"follow","max-snippet":"max-snippet:-1","max-image-preview":"max-image-preview:large","max-video-preview":"max-video-preview:-1"},"canonical":"https:\/\/api50.si\/sl\/piskotki\/","og_locale":"sl_SI","og_type":"article","og_title":"Pi\u0161kotki - API 5.0. d.o.o.","og_description":"Pi\u0161kotki so majhne besedilne datoteke, ki se shranijo na va\u0161i napravi, ko obi\u0161\u010dete spletno mesto.","og_url":"https:\/\/api50.si\/sl\/piskotki\/","og_site_name":"API 5.0. d.o.o.","article_modified_time":"2024-02-19T05:38:51+00:00","og_image":[{"width":512,"height":512,"url":"https:\/\/api50.si\/wp-content\/uploads\/2023\/11\/API5.0_logo_05_jpg.jpg","type":"image\/jpeg"}],"twitter_card":"summary_large_image","twitter_misc":{"Est. reading time":"2 minuti"},"schema":{"@context":"https:\/\/schema.org","@graph":[{"@type":"WebPage","@id":"https:\/\/api50.si\/sl\/piskotki\/","url":"https:\/\/api50.si\/sl\/piskotki\/","name":"Pi\u0161kotki - API 5.0. d.o.o.","isPartOf":{"@id":"https:\/\/api50.si\/#website"},"primaryImageOfPage":{"@id":"https:\/\/api50.si\/sl\/piskotki\/#primaryimage"},"image":{"@id":"https:\/\/api50.si\/sl\/piskotki\/#primaryimage"},"thumbnailUrl":"https:\/\/api50.si\/wp-content\/uploads\/2023\/11\/API5.0_logo_05_jpg.jpg","datePublished":"2024-01-22T05:51:16+00:00","dateModified":"2024-02-19T05:38:51+00:00","description":"Pi\u0161kotki so majhne besedilne datoteke, ki se shranijo na va\u0161i napravi, ko obi\u0161\u010dete spletno mesto.","breadcrumb":{"@id":"https:\/\/api50.si\/sl\/piskotki\/#breadcrumb"},"inLanguage":"sl-SI","potentialAction":[{"@type":"ReadAction","target":["https:\/\/api50.si\/sl\/piskotki\/"]}]},{"@type":"ImageObject","inLanguage":"sl-SI","@id":"https:\/\/api50.si\/sl\/piskotki\/#primaryimage","url":"https:\/\/api50.si\/wp-content\/uploads\/2023\/11\/API5.0_logo_05_jpg.jpg","contentUrl":"https:\/\/api50.si\/wp-content\/uploads\/2023\/11\/API5.0_logo_05_jpg.jpg","width":512,"height":512,"caption":"API 5.0 logo"},{"@type":"BreadcrumbList","@id":"https:\/\/api50.si\/sl\/piskotki\/#breadcrumb","itemListElement":[{"@type":"ListItem","position":1,"name":"Home","item":"https:\/\/api50.si\/"},{"@type":"ListItem","position":2,"name":"Pi\u0161kotki"}]},{"@type":"WebSite","@id":"https:\/\/api50.si\/#website","url":"https:\/\/api50.si\/","name":"API 5.0. d.o.o.","description":"Alliance in Process Industry","publisher":{"@id":"https:\/\/api50.si\/#organization"},"potentialAction":[{"@type":"SearchAction","target":{"@type":"EntryPoint","urlTemplate":"https:\/\/api50.si\/?s={search_term_string}"},"query-input":"required name=search_term_string"}],"inLanguage":"sl-SI"},{"@type":"Organization","@id":"https:\/\/api50.si\/#organization","name":"API 5.0. d.o.o.","url":"https:\/\/api50.si\/","logo":{"@type":"ImageObject","inLanguage":"sl-SI","@id":"https:\/\/api50.si\/#\/schema\/logo\/image\/","url":"https:\/\/api50.si\/wp-content\/uploads\/2024\/02\/API5.0_logo_icon3.png","contentUrl":"https:\/\/api50.si\/wp-content\/uploads\/2024\/02\/API5.0_logo_icon3.png","width":512,"height":512,"caption":"API 5.0. d.o.o."},"image":{"@id":"https:\/\/api50.si\/#\/schema\/logo\/image\/"}}]}},"_links":{"self":[{"href":"https:\/\/api50.si\/sl\/wp-json\/wp\/v2\/pages\/1449","targetHints":{"allow":["GET"]}}],"collection":[{"href":"https:\/\/api50.si\/sl\/wp-json\/wp\/v2\/pages"}],"about":[{"href":"https:\/\/api50.si\/sl\/wp-json\/wp\/v2\/types\/page"}],"author":[{"embeddable":true,"href":"https:\/\/api50.si\/sl\/wp-json\/wp\/v2\/users\/1"}],"replies":[{"embeddable":true,"href":"https:\/\/api50.si\/sl\/wp-json\/wp\/v2\/comments?post=1449"}],"version-history":[{"count":5,"href":"https:\/\/api50.si\/sl\/wp-json\/wp\/v2\/pages\/1449\/revisions"}],"predecessor-version":[{"id":1545,"href":"https:\/\/api50.si\/sl\/wp-json\/wp\/v2\/pages\/1449\/revisions\/1545"}],"wp:featuredmedia":[{"embeddable":true,"href":"https:\/\/api50.si\/sl\/wp-json\/wp\/v2\/media\/1089"}],"wp:attachment":[{"href":"https:\/\/api50.si\/sl\/wp-json\/wp\/v2\/media?parent=1449"}],"curies":[{"name":"wp","href":"https:\/\/api.w.org\/{rel}","templated":true}]}}