{"id":1453,"date":"2024-01-22T05:57:26","date_gmt":"2024-01-22T05:57:26","guid":{"rendered":"https:\/\/api50.si\/politika-zasebnosti\/"},"modified":"2024-02-19T05:44:55","modified_gmt":"2024-02-19T05:44:55","slug":"politika-zasebnosti","status":"publish","type":"page","link":"https:\/\/api50.si\/sl\/politika-zasebnosti\/","title":{"rendered":"Politika Zasebnosti"},"content":{"rendered":"<p data-fontsize=\"40\" data-lineheight=\"46.4px\">Zadnja sprememba politike: 16.2.2024<\/p>\n<h4 class=\"fusion-responsive-typography-calculated\" data-fontsize=\"40\" data-lineheight=\"46.4px\">Splo\u0161no<\/h4>\n<p>V dru\u017ebi API 5.0 in\u017einiring d.o.o spo\u0161tujemo va\u0161o pravico do zasebnosti in stremimo k najvi\u0161ji stopnji varstva va\u0161ih osebnih podatkov. Zato smo pri nudenju na\u0161ih storitev preko te spletne strani ali pri poslovanju preko telekomunikacijskih sredstev zavezani k delovanju v skladu z zakoni in predpisi, ki opredeljujejo varovanje osebnih podatkov, zlasti v skladu s Splo\u0161no uredbo EU o varstvu podatkov (v nadaljevanju: GDPR) in z vsakokrat veljavnim zakonom o varstvu osebnih podatkov.<\/p>\n<h4 class=\"fusion-responsive-typography-calculated\" data-fontsize=\"40\" data-lineheight=\"46.4px\">Upravljavec zbirke osebnih podatkov<\/h4>\n<p>Upravljavec va\u0161ih osebnih podatkov je API 5.0 in\u017einiring d.o.o. (v nadaljevanju: \u00bbAPI 5.0\u00ab ali \u00bbmi\u00ab), Krtina 130, Krtina, Slovenia, email address: info@api50.si, telefonska \u0161tevilka: +386 40 813 126.<\/p>\n<h4 class=\"fusion-responsive-typography-calculated\" data-fontsize=\"40\" data-lineheight=\"46.4px\">Namen obdelave osebnih podatkov<\/h4>\n<p>Vsi osebni podatki, ki nam jih posredujete, bodo obravnavani zaupno in bodo uporabljeni zgolj v namene, za katere so bili posredovani. \u010ce bo nastala potreba po nadaljnji obdelavi va\u0161ih podatkov za drug namen, vas bomo predhodno kontaktirali in zaprosili za va\u0161e soglasje.<\/p>\n<p>Posredovanje va\u0161ih osebnih podatkov ni zakonsko predpisano in ni del pogodbene zahteve. To pomeni, da vam va\u0161ih osebnih podatkov ni treba posredovati. \u010ce se boste odlo\u010dili, da nam va\u0161ih osebnih podatkov ne boste posredovali, bo to lahko vplivalo na va\u0161o uporabni\u0161ko izku\u0161njo na spletni strani.<\/p>\n<h4 class=\"fusion-responsive-typography-calculated\" data-fontsize=\"40\" data-lineheight=\"46.4px\">Obisk spletne strani<\/h4>\n<p>Ob vsakem obisku na\u0161e spletne strani se na spletnem stre\u017eniku avtomatsko shranjuje dnevni\u0161ka datoteka spletnega stre\u017enika (npr. IP \u0161tevilka \u2013 \u0161tevilka, ki identificira posamezen ra\u010dunalnik oz. drugo napravo na spletu, verzija brskalnika, \u010das obiska, podatki o lokaciji oziroma vstopni to\u010dki dostopa do interneta in podobno). Te podatke obdelujemo za namen analize, ki nam omogo\u010da izbolj\u0161anje vsebin in uporabni\u0161ke izku\u0161nje na na\u0161i spletni strani ter vodenja statistike obiskov na na\u0161i spletni strani. Navedene osebne podatke zbiramo s pomo\u010djo pi\u0161kotkov, pri \u010demer vas bomo pred namestitvijo bolj invazivnih pi\u0161kotkov vpra\u0161ali za va\u0161o privolitev.<\/p>\n<p>Tako zbrane podatke obdelujemo posebej in jih ne povezujemo z drugimi osebnimi podatki uporabnikov spletne strani. Obiskovalca zgolj z uporabo teh podatkov v tem trenutku in glede na stanje tehnologije ni mogo\u010de enoli\u010dno identificirati.<\/p>\n<h4 class=\"fusion-responsive-typography-calculated\" data-fontsize=\"40\" data-lineheight=\"46.4px\">Po\u0161iljanje povpra\u0161evanja in ostala komunikacija z nami<\/h4>\n<p>Na na\u0161i spletni strani lahko izpolnite spletni kontaktni obrazec, s katerim oddate va\u0161e povpra\u0161evanje glede na\u0161ih produktov in storitev. Prav tako nam lahko kadarkoli po\u0161ljete povpra\u0161evanje oziroma nas kontaktirate na kateregakoli od kontaktnih podatkov, objavljenih na na\u0161i spletni strani.<\/p>\n<p>V ta namen od vas zbiramo naslednje podatke, ki jih posredujete na prostovoljen na\u010din:<\/p>\n<ul>\n<li>ime in priimek,<\/li>\n<li>naziv podjetja,<\/li>\n<li>elektronski naslov,<\/li>\n<li>podatke o vsebini va\u0161ega povpra\u0161evanja oziroma sporo\u010dila.<\/li>\n<\/ul>\n<p>Vsi podatki, ki so zbrani preko te spletne strani ali so nam kako druga\u010de sporo\u010deni s pomo\u010djo telekomunikacijskih sredstev, se zbirajo z namenom opravljanja na\u0161e osnovne dejavnosti, tj. za prodajo na\u0161ih produktov in storitev. Podatke bomo obdelovali za namene priprave odgovora na va\u0161e povpra\u0161evanje, za informiranje o produktih in storitvah, za morebitno pripravo in sklenitev pogodbe ter za izvajanje sklenjene pogodbe. Va\u0161e podatke, ki nam jih posredujete na podlagi izpolnitve kontaktnega obrazca, bomo uporabljali izklju\u010dno za zagotavljanje pogodbeno dogovorjenih storitev ter za namen na\u0161e interne administracije in vodenja na\u0161ega poslovanja.<\/p>\n<h4 class=\"fusion-responsive-typography-calculated\" data-fontsize=\"40\" data-lineheight=\"46.4px\">Pi\u0161kotki<\/h4>\n<p>Na\u0161a spletna stran uporablja pi\u0161kotke, da vas lo\u010di od drugih uporabnikov na\u0161ega spletnega mesta. Pomagajo nam, da vam lahko zagotovimo dobro uporabni\u0161ko izku\u0161njo, ko brskate po na\u0161i spletni strani. Hkrati pa nam omogo\u010dajo, da izbolj\u0161amo spletno stran.<\/p>\n<p>Pi\u0161kotek je majhna datoteka, ki zahteva dovoljenje za namestitev na trdi disk ra\u010dunalnika in omogo\u010da ponovno uporabo. Pi\u0161kotki vam omogo\u010dijo prijavo na na\u0161o spletno stran oz. v na\u0161e storitve in prikaz na spletu prilagodijo vam. Pi\u0161kotek nam nikakor ne omogo\u010da dostopa do va\u0161ega ra\u010dunalnika ali kakr\u0161nihkoli podatkov o vas, razen podatkov, ki jih izberete, da jih delite z nami. Pi\u0161kotke lahko namre\u010d sprejmete ali zavrnete. Ve\u010dina spletnih brskalnikov samodejno sprejme pi\u0161kotke, obi\u010dajno pa lahko spremenite nastavitve brskalnika, \u010de \u017eelite, da zavrnejo pi\u0161kotke.<\/p>\n<h4 class=\"fusion-responsive-typography-calculated\" data-fontsize=\"40\" data-lineheight=\"46.4px\">Pravna podlaga za obdelavo osebnih podatkov<\/h4>\n<p>Pravna podlaga za obdelavo podatkov sta 1. odstavek (to\u010dka b) 6. \u010dlena GDPR (potrebni podatki za izpolnitev pogodbe), oziroma 1. odstavek (to\u010dka a) 6. \u010dlena GDPR (privolitev uporabnika za zbiranje podatkov).<\/p>\n<h4 class=\"fusion-responsive-typography-calculated\" data-fontsize=\"40\" data-lineheight=\"46.4px\">Uporabniki podatkov<\/h4>\n<p>Zavezujemo se, da va\u0161ih osebnih podatkov ne bomo posredovani tretjim nepoobla\u0161\u010denim osebam brez va\u0161e privolitve.<\/p>\n<p>Va\u0161i osebni podatki se lahko, skladno z nameni, ki so opredeljeni v tej izjavi, razkrivajo naslednjim uporabnikom podatkov:<\/p>\n<ul>\n<li>ra\u010dunovodski servis, odvetni\u0161ke pisarne in drugim ponudnikom pravnega in poslovnega svetovanja;<\/li>\n<li>ponudnikom po\u0161tnih storitev;<\/li>\n<li>ponudnikom storitev informacijske tehnologije v okviru servisiranja in vzdr\u017eevanja programske opreme;<\/li>\n<li>administratorju in skrbniku spletne strani;<\/li>\n<li>ponudnikom storitev ra\u010dunalni\u0161tva v oblaku in ponudnikom po\u0161iljanja e-po\u0161tnih sporo\u010dil (npr. Mailchimp in drugi);<\/li>\n<li>ponudnikom sistemov za upravljanje odnosov s strankami.<\/li>\n<\/ul>\n<p>V vseh primerih bomo zagotovili, da bodo pogodbeni obdelovalci ravnali v skladu z navodili dru\u017ebe API 5.0 in da bo ustrezna raven varnosti osebnih podatkov ter na\u010din obdelovanja opredeljena v pogodbi o obdelavi osebnih podatkov. Pogodbeni obdelovalci bodo, v kolikor to ne nasprotuje pravu, zavezani k zaupnosti.<\/p>\n<h4 class=\"fusion-responsive-typography-calculated\" data-fontsize=\"40\" data-lineheight=\"46.4px\">Obdobje hrambe osebnih podatkov<\/h4>\n<p>Va\u0161e osebne podatke bomo hranili zgolj tako dolgo, kot je to potrebno za izpolnitev namena za katerega jih zbiramo. Pri presoji obdobja hrambe bomo upo\u0161tevali namen zbiranja, naravo osebnih podatkov, mo\u017enosti potencialnih kr\u0161itev ter zakonske obveze glede hranjenja osebnih podatkov. Ko va\u0161ih osebnih podatkov ne bomo ve\u010d potrebovali, jih bomo izbrisali. Dnevni\u0161ke datoteke stre\u017enika se hranijo 3 mesece.<\/p>\n<h4 class=\"fusion-responsive-typography-calculated\" data-fontsize=\"40\" data-lineheight=\"46.4px\">Na\u010din varstva va\u0161ih podatkov<\/h4>\n<p>Zavezujemo se varovati osebne podatke, ki nam jih posredujete z uporabo na\u0161e spletne strani, po telekomunikacijskih kanalih ali na kakr\u0161enkoli drug na\u010din. Zavezujemo se, da bomo storili vse, da osebne podatke za\u0161\u010ditimo pred kakr\u0161nimikoli kr\u0161itvami in zlorabami.<\/p>\n<p>Po prenehanju potrebe po vodenju podatkov, tj. po izpolnitvi namena, za katerega so bili podatki zbrani, se podatki nemudoma nepovratno in trajno izbri\u0161ejo.<\/p>\n<h4 class=\"fusion-responsive-typography-calculated\" data-fontsize=\"40\" data-lineheight=\"46.4px\">Va\u0161e pravice<\/h4>\n<p>Zagotavljamo uresni\u010devanje vseh va\u0161ih pravic, ki vam pripadajo v zvezi z obdelavo va\u0161ih osebnih podatkov. Posameznik, na katerega se nana\u0161ajo osebni podatki, lahko od nas kadarkoli zahteva, da mu:<\/p>\n<p>&nbsp;<\/p>\n<ul>\n<li>potrdimo, ali se podatki v zvezi z njim obdelujejo ali ne in omogo\u010dimo dostop do osebnih podatkov (tj. vpogled ter njihovo prepisovanje ali kopiranje),<\/li>\n<li>podamo informacije v zvezi z obdelavo teh podatkov (npr. o namenu obdelave, vrsti osebnih podatkov, uporabnikih, katerim so jim bili ali jim bodo posredovani osebni podatki, predvidenem obdobju hrambe podatkov, o tehni\u010dnih in organizacijskih ukrepih za varovanje podatkov, idr.),<\/li>\n<li>omogo\u010dimo popravek neto\u010dnih osebnih podatkov v zvezi z njim in mu omogo\u010dimo dopolnitev nepopolnih osebnih podatkov,<\/li>\n<li>omogo\u010dimo pravico do izbrisa osebnih podatkov (t.i. pravica do pozabe),<\/li>\n<li>omogo\u010dimo pravico do omejitve obdelave,<\/li>\n<li>omogo\u010dimo pravico do ugovora obdelavi, \u010de obdelava podatkov temelji na na\u0161em zakonitem interesu, pri \u010demer bomo v takem primeru nadaljevali z obdelavo va\u0161ih osebnih podatkov le v primeru, \u010de bomo dokazali nujne legitimne razloge za obdelavo, ki bodo prevladali nad va\u0161imi interesi, pravicami in svobo\u0161\u010dinami. Obdelavi osebnih podatkov za namene neposrednega tr\u017eenja lahko ugovarjate brez navedbe razlogov,<\/li>\n<li>omogo\u010dimo pravico do prenosljivosti podatkov in mu posredujemo podatke v splo\u0161no uporabljeni in strojno berljivi obliki ali jih neposredno posredujemo drugemu upravljavcu, pri \u010demer to velja le v primeru obdelave va\u0161ih osebnih podatkov na podlagi privolitve ali pogodbenega razmerja, ter<\/li>\n<li>omogo\u010dimo pravico do preklica privolitve, kadar se osebnih podatki obdelujejo na podlagi privolitve, pri \u010demer preklic privolitve ne vpliva na zakonitost obdelave podatkov, ki se je izvajala do njenega preklica.<\/li>\n<\/ul>\n<p>\u010ce \u017eelite uveljaviti katerokoli od zgoraj navedenih pravic, nas lahko kadarkoli kontaktirate preko spodaj navedenih kontaktnih podatkov.<\/p>\n<h4 class=\"fusion-responsive-typography-calculated\" data-fontsize=\"40\" data-lineheight=\"46.4px\">Pravica do vlo\u017eitve prito\u017ebe pri nadzornem organu<\/h4>\n<p>\u010ce sumite, da pri obdelavi va\u0161ih podatkov prihaja do kr\u0161itev zakonodaje s podro\u010dja varstva osebnih podatkov, imate pravico vlo\u017eiti prito\u017ebo pri Informacijskem poobla\u0161\u010dencu Republike Slovenije (naslov: Dunajska 22, 1000 Ljubljana, e-naslov: gp.ip@ip-rs.si, telefon: 012309730, spletna stran: www.ip-rs.si).<\/p>\n<h4 class=\"fusion-responsive-typography-calculated\" data-fontsize=\"40\" data-lineheight=\"46.4px\">Kontakt<\/h4>\n<p>Za vpra\u0161anja o zaupnosti va\u0161ih podatkov, na\u010dinu zbiranja in obdelave podatkov ali za po\u0161iljanje zahteve za uveljavljanje pravic v zvezi z va\u0161imi podatki, nas lahko kontaktirate na elektronski naslov: info@api50.si.<\/p>\n<h4 class=\"fusion-responsive-typography-calculated\" data-fontsize=\"40\" data-lineheight=\"46.4px\">Spremembe in dopolnitve<\/h4>\n<p>Pridr\u017eujemo si pravico, da predmetno izjavo po potrebi ob\u010dasno prilagodimo dejanskim razmeram in zakonodaji s podro\u010dja varstva osebnih podatkov. Iz tega razloga vas prosimo, da pred vsakim posredovanjem osebnih podatkov preverite aktualno razli\u010dico, da boste seznanjeni z morebitnimi spremembami in dopolnitvami.<\/p>\n<p>Morebitne spremembe te politike zasebnosti za\u010dnejo veljati z dnem objave na strani\u00a0<a href=\"https:\/\/bane-kobilca.si\/\">www.api50.si<\/a>.<\/p>\n","protected":false},"excerpt":{"rendered":"<p>Zadnja sprememba politike: 16.2.2024 Splo\u0161no V dru\u017ebi API 5.0 in\u017einiring d.o.o spo\u0161tujemo va\u0161o pravico do zasebnosti in stremimo k najvi\u0161ji stopnji varstva va\u0161ih osebnih podatkov. Zato smo pri nudenju na\u0161ih storitev preko te spletne strani ali pri poslovanju preko telekomunikacijskih sredstev zavezani k delovanju v skladu z zakoni in predpisi, ki opredeljujejo varovanje osebnih podatkov, [&hellip;]<\/p>\n","protected":false},"author":1,"featured_media":1526,"parent":0,"menu_order":0,"comment_status":"closed","ping_status":"closed","template":"","meta":{"footnotes":""},"class_list":["post-1453","page","type-page","status-publish","has-post-thumbnail","hentry"],"yoast_head":"<!-- This site is optimized with the Yoast SEO plugin v22.4 - https:\/\/yoast.com\/wordpress\/plugins\/seo\/ -->\n<title>Politika Zasebnosti - API 5.0. d.o.o.<\/title>\n<meta name=\"description\" content=\"V dru\u017ebi API 5.0 in\u017einiring d.o.o spo\u0161tujemo va\u0161o pravico do zasebnosti in stremimo k najvi\u0161ji stopnji varstva va\u0161ih osebnih podatkov.\" \/>\n<meta name=\"robots\" content=\"index, follow, max-snippet:-1, max-image-preview:large, max-video-preview:-1\" \/>\n<link rel=\"canonical\" href=\"https:\/\/api50.si\/privacy-policy\/\" \/>\n<meta property=\"og:locale\" content=\"sl_SI\" \/>\n<meta property=\"og:type\" content=\"article\" \/>\n<meta property=\"og:title\" content=\"Politika Zasebnosti - API 5.0. d.o.o.\" \/>\n<meta property=\"og:description\" content=\"V dru\u017ebi API 5.0 in\u017einiring d.o.o spo\u0161tujemo va\u0161o pravico do zasebnosti in stremimo k najvi\u0161ji stopnji varstva va\u0161ih osebnih podatkov.\" \/>\n<meta property=\"og:url\" content=\"https:\/\/api50.si\/privacy-policy\/\" \/>\n<meta property=\"og:site_name\" content=\"API 5.0. d.o.o.\" \/>\n<meta property=\"article:modified_time\" content=\"2024-02-19T05:44:55+00:00\" \/>\n<meta property=\"og:image\" content=\"https:\/\/api50.si\/wp-content\/uploads\/2024\/02\/API5.0_logo_icon3.png\" \/>\n\t<meta property=\"og:image:width\" content=\"512\" \/>\n\t<meta property=\"og:image:height\" content=\"512\" \/>\n\t<meta property=\"og:image:type\" content=\"image\/png\" \/>\n<meta name=\"twitter:card\" content=\"summary_large_image\" \/>\n<meta name=\"twitter:label1\" content=\"Est. reading time\" \/>\n\t<meta name=\"twitter:data1\" content=\"7 minut\" \/>\n<script type=\"application\/ld+json\" class=\"yoast-schema-graph\">{\"@context\":\"https:\/\/schema.org\",\"@graph\":[{\"@type\":\"WebPage\",\"@id\":\"https:\/\/api50.si\/privacy-policy\/\",\"url\":\"https:\/\/api50.si\/privacy-policy\/\",\"name\":\"Politika Zasebnosti - API 5.0. d.o.o.\",\"isPartOf\":{\"@id\":\"https:\/\/api50.si\/#website\"},\"primaryImageOfPage\":{\"@id\":\"https:\/\/api50.si\/privacy-policy\/#primaryimage\"},\"image\":{\"@id\":\"https:\/\/api50.si\/privacy-policy\/#primaryimage\"},\"thumbnailUrl\":\"https:\/\/api50.si\/wp-content\/uploads\/2024\/02\/API5.0_logo_icon3.png\",\"datePublished\":\"2024-01-22T05:57:26+00:00\",\"dateModified\":\"2024-02-19T05:44:55+00:00\",\"description\":\"V dru\u017ebi API 5.0 in\u017einiring d.o.o spo\u0161tujemo va\u0161o pravico do zasebnosti in stremimo k najvi\u0161ji stopnji varstva va\u0161ih osebnih podatkov.\",\"breadcrumb\":{\"@id\":\"https:\/\/api50.si\/privacy-policy\/#breadcrumb\"},\"inLanguage\":\"sl-SI\",\"potentialAction\":[{\"@type\":\"ReadAction\",\"target\":[\"https:\/\/api50.si\/privacy-policy\/\"]}]},{\"@type\":\"ImageObject\",\"inLanguage\":\"sl-SI\",\"@id\":\"https:\/\/api50.si\/privacy-policy\/#primaryimage\",\"url\":\"https:\/\/api50.si\/wp-content\/uploads\/2024\/02\/API5.0_logo_icon3.png\",\"contentUrl\":\"https:\/\/api50.si\/wp-content\/uploads\/2024\/02\/API5.0_logo_icon3.png\",\"width\":512,\"height\":512,\"caption\":\"API 5.0 logo\"},{\"@type\":\"BreadcrumbList\",\"@id\":\"https:\/\/api50.si\/privacy-policy\/#breadcrumb\",\"itemListElement\":[{\"@type\":\"ListItem\",\"position\":1,\"name\":\"Home\",\"item\":\"https:\/\/api50.si\/\"},{\"@type\":\"ListItem\",\"position\":2,\"name\":\"Politika Zasebnosti\"}]},{\"@type\":\"WebSite\",\"@id\":\"https:\/\/api50.si\/#website\",\"url\":\"https:\/\/api50.si\/\",\"name\":\"API 5.0. d.o.o.\",\"description\":\"Alliance in Process Industry\",\"publisher\":{\"@id\":\"https:\/\/api50.si\/#organization\"},\"potentialAction\":[{\"@type\":\"SearchAction\",\"target\":{\"@type\":\"EntryPoint\",\"urlTemplate\":\"https:\/\/api50.si\/?s={search_term_string}\"},\"query-input\":\"required name=search_term_string\"}],\"inLanguage\":\"sl-SI\"},{\"@type\":\"Organization\",\"@id\":\"https:\/\/api50.si\/#organization\",\"name\":\"API 5.0. d.o.o.\",\"url\":\"https:\/\/api50.si\/\",\"logo\":{\"@type\":\"ImageObject\",\"inLanguage\":\"sl-SI\",\"@id\":\"https:\/\/api50.si\/#\/schema\/logo\/image\/\",\"url\":\"https:\/\/api50.si\/wp-content\/uploads\/2024\/02\/API5.0_logo_icon3.png\",\"contentUrl\":\"https:\/\/api50.si\/wp-content\/uploads\/2024\/02\/API5.0_logo_icon3.png\",\"width\":512,\"height\":512,\"caption\":\"API 5.0. d.o.o.\"},\"image\":{\"@id\":\"https:\/\/api50.si\/#\/schema\/logo\/image\/\"}}]}<\/script>\n<!-- \/ Yoast SEO plugin. -->","yoast_head_json":{"title":"Politika Zasebnosti - API 5.0. d.o.o.","description":"V dru\u017ebi API 5.0 in\u017einiring d.o.o spo\u0161tujemo va\u0161o pravico do zasebnosti in stremimo k najvi\u0161ji stopnji varstva va\u0161ih osebnih podatkov.","robots":{"index":"index","follow":"follow","max-snippet":"max-snippet:-1","max-image-preview":"max-image-preview:large","max-video-preview":"max-video-preview:-1"},"canonical":"https:\/\/api50.si\/privacy-policy\/","og_locale":"sl_SI","og_type":"article","og_title":"Politika Zasebnosti - API 5.0. d.o.o.","og_description":"V dru\u017ebi API 5.0 in\u017einiring d.o.o spo\u0161tujemo va\u0161o pravico do zasebnosti in stremimo k najvi\u0161ji stopnji varstva va\u0161ih osebnih podatkov.","og_url":"https:\/\/api50.si\/privacy-policy\/","og_site_name":"API 5.0. d.o.o.","article_modified_time":"2024-02-19T05:44:55+00:00","og_image":[{"width":512,"height":512,"url":"https:\/\/api50.si\/wp-content\/uploads\/2024\/02\/API5.0_logo_icon3.png","type":"image\/png"}],"twitter_card":"summary_large_image","twitter_misc":{"Est. reading time":"7 minut"},"schema":{"@context":"https:\/\/schema.org","@graph":[{"@type":"WebPage","@id":"https:\/\/api50.si\/privacy-policy\/","url":"https:\/\/api50.si\/privacy-policy\/","name":"Politika Zasebnosti - API 5.0. d.o.o.","isPartOf":{"@id":"https:\/\/api50.si\/#website"},"primaryImageOfPage":{"@id":"https:\/\/api50.si\/privacy-policy\/#primaryimage"},"image":{"@id":"https:\/\/api50.si\/privacy-policy\/#primaryimage"},"thumbnailUrl":"https:\/\/api50.si\/wp-content\/uploads\/2024\/02\/API5.0_logo_icon3.png","datePublished":"2024-01-22T05:57:26+00:00","dateModified":"2024-02-19T05:44:55+00:00","description":"V dru\u017ebi API 5.0 in\u017einiring d.o.o spo\u0161tujemo va\u0161o pravico do zasebnosti in stremimo k najvi\u0161ji stopnji varstva va\u0161ih osebnih podatkov.","breadcrumb":{"@id":"https:\/\/api50.si\/privacy-policy\/#breadcrumb"},"inLanguage":"sl-SI","potentialAction":[{"@type":"ReadAction","target":["https:\/\/api50.si\/privacy-policy\/"]}]},{"@type":"ImageObject","inLanguage":"sl-SI","@id":"https:\/\/api50.si\/privacy-policy\/#primaryimage","url":"https:\/\/api50.si\/wp-content\/uploads\/2024\/02\/API5.0_logo_icon3.png","contentUrl":"https:\/\/api50.si\/wp-content\/uploads\/2024\/02\/API5.0_logo_icon3.png","width":512,"height":512,"caption":"API 5.0 logo"},{"@type":"BreadcrumbList","@id":"https:\/\/api50.si\/privacy-policy\/#breadcrumb","itemListElement":[{"@type":"ListItem","position":1,"name":"Home","item":"https:\/\/api50.si\/"},{"@type":"ListItem","position":2,"name":"Politika Zasebnosti"}]},{"@type":"WebSite","@id":"https:\/\/api50.si\/#website","url":"https:\/\/api50.si\/","name":"API 5.0. d.o.o.","description":"Alliance in Process Industry","publisher":{"@id":"https:\/\/api50.si\/#organization"},"potentialAction":[{"@type":"SearchAction","target":{"@type":"EntryPoint","urlTemplate":"https:\/\/api50.si\/?s={search_term_string}"},"query-input":"required name=search_term_string"}],"inLanguage":"sl-SI"},{"@type":"Organization","@id":"https:\/\/api50.si\/#organization","name":"API 5.0. d.o.o.","url":"https:\/\/api50.si\/","logo":{"@type":"ImageObject","inLanguage":"sl-SI","@id":"https:\/\/api50.si\/#\/schema\/logo\/image\/","url":"https:\/\/api50.si\/wp-content\/uploads\/2024\/02\/API5.0_logo_icon3.png","contentUrl":"https:\/\/api50.si\/wp-content\/uploads\/2024\/02\/API5.0_logo_icon3.png","width":512,"height":512,"caption":"API 5.0. d.o.o."},"image":{"@id":"https:\/\/api50.si\/#\/schema\/logo\/image\/"}}]}},"_links":{"self":[{"href":"https:\/\/api50.si\/sl\/wp-json\/wp\/v2\/pages\/1453","targetHints":{"allow":["GET"]}}],"collection":[{"href":"https:\/\/api50.si\/sl\/wp-json\/wp\/v2\/pages"}],"about":[{"href":"https:\/\/api50.si\/sl\/wp-json\/wp\/v2\/types\/page"}],"author":[{"embeddable":true,"href":"https:\/\/api50.si\/sl\/wp-json\/wp\/v2\/users\/1"}],"replies":[{"embeddable":true,"href":"https:\/\/api50.si\/sl\/wp-json\/wp\/v2\/comments?post=1453"}],"version-history":[{"count":4,"href":"https:\/\/api50.si\/sl\/wp-json\/wp\/v2\/pages\/1453\/revisions"}],"predecessor-version":[{"id":1548,"href":"https:\/\/api50.si\/sl\/wp-json\/wp\/v2\/pages\/1453\/revisions\/1548"}],"wp:featuredmedia":[{"embeddable":true,"href":"https:\/\/api50.si\/sl\/wp-json\/wp\/v2\/media\/1526"}],"wp:attachment":[{"href":"https:\/\/api50.si\/sl\/wp-json\/wp\/v2\/media?parent=1453"}],"curies":[{"name":"wp","href":"https:\/\/api.w.org\/{rel}","templated":true}]}}